{"id":2358,"date":"2023-02-17T19:06:51","date_gmt":"2023-02-17T19:06:51","guid":{"rendered":"https:\/\/gossip-themes.com\/sasspark\/?page_id=1432"},"modified":"2025-04-03T09:16:32","modified_gmt":"2025-04-03T09:16:32","slug":"kontakt","status":"publish","type":"page","link":"https:\/\/crp.ba\/index.php\/kontakt\/","title":{"rendered":"Kontakt"},"content":{"rendered":"\t\t<div data-elementor-type=\"wp-page\" data-elementor-id=\"2358\" class=\"elementor elementor-2358\" data-elementor-post-type=\"page\">\n\t\t\t\t\t\t<section class=\"elementor-section elementor-top-section elementor-element elementor-element-5d4b246 elementor-section-stretched elementor-section-boxed elementor-section-height-default elementor-section-height-default\" data-id=\"5d4b246\" data-element_type=\"section\" data-settings=\"{&quot;stretch_section&quot;:&quot;section-stretched&quot;}\">\n\t\t\t\t\t\t<div class=\"elementor-container elementor-column-gap-default\">\n\t\t\t\t\t<div class=\"elementor-column elementor-col-100 elementor-top-column elementor-element elementor-element-f24605c\" data-id=\"f24605c\" data-element_type=\"column\">\n\t\t\t<div class=\"elementor-widget-wrap elementor-element-populated\">\n\t\t\t\t\t\t<div class=\"elementor-element elementor-element-1a1e676 elementor-widget elementor-widget-heading\" data-id=\"1a1e676\" data-element_type=\"widget\" data-widget_type=\"heading.default\">\n\t\t\t\t<div class=\"elementor-widget-container\">\n\t\t\t\t\t<h2 class=\"elementor-heading-title elementor-size-default\">Kontaktirajte nas<\/h2>\t\t\t\t<\/div>\n\t\t\t\t<\/div>\n\t\t\t\t\t<\/div>\n\t\t<\/div>\n\t\t\t\t\t<\/div>\n\t\t<\/section>\n\t\t\t\t<section class=\"elementor-section elementor-top-section elementor-element elementor-element-0ab6a52 elementor-section-stretched elementor-section-content-middle elementor-section-boxed elementor-section-height-default elementor-section-height-default\" data-id=\"0ab6a52\" data-element_type=\"section\" data-settings=\"{&quot;stretch_section&quot;:&quot;section-stretched&quot;}\">\n\t\t\t\t\t\t<div class=\"elementor-container elementor-column-gap-default\">\n\t\t\t\t\t<div class=\"elementor-column elementor-col-100 elementor-top-column elementor-element elementor-element-574c236\" data-id=\"574c236\" data-element_type=\"column\">\n\t\t\t<div class=\"elementor-widget-wrap elementor-element-populated\">\n\t\t\t\t\t\t<div class=\"elementor-element elementor-element-6b728be elementor-widget__width-initial elementor-widget elementor-widget-text-editor\" data-id=\"6b728be\" data-element_type=\"widget\" data-widget_type=\"text-editor.default\">\n\t\t\t\t<div class=\"elementor-widget-container\">\n\t\t\t\t\t\t\t\t\t\n<div class=\"wpcf7 no-js\" id=\"wpcf7-f6-o1\" lang=\"en-US\" dir=\"ltr\" data-wpcf7-id=\"6\">\n<div class=\"screen-reader-response\"><p role=\"status\" aria-live=\"polite\" aria-atomic=\"true\"><\/p> <ul><\/ul><\/div>\n<form action=\"\/index.php\/wp-json\/wp\/v2\/pages\/2358#wpcf7-f6-o1\" method=\"post\" class=\"wpcf7-form init\" aria-label=\"Contact form\" novalidate=\"novalidate\" data-status=\"init\">\n<fieldset class=\"hidden-fields-container\"><input type=\"hidden\" name=\"_wpcf7\" value=\"6\" \/><input type=\"hidden\" name=\"_wpcf7_version\" value=\"6.1.5\" \/><input type=\"hidden\" name=\"_wpcf7_locale\" value=\"en_US\" \/><input type=\"hidden\" name=\"_wpcf7_unit_tag\" value=\"wpcf7-f6-o1\" \/><input type=\"hidden\" name=\"_wpcf7_container_post\" value=\"0\" \/><input type=\"hidden\" name=\"_wpcf7_posted_data_hash\" value=\"\" \/>\n<\/fieldset>\n<p><label> Va\u0161e ime<br \/>\n<span class=\"wpcf7-form-control-wrap\" data-name=\"your-name\"><input size=\"40\" maxlength=\"400\" class=\"wpcf7-form-control wpcf7-text wpcf7-validates-as-required\" autocomplete=\"name\" aria-required=\"true\" aria-invalid=\"false\" value=\"\" type=\"text\" name=\"your-name\" \/><\/span> <\/label>\n<\/p>\n<p><label> Va\u0161 email<br \/>\n<span class=\"wpcf7-form-control-wrap\" data-name=\"your-email\"><input size=\"40\" maxlength=\"400\" class=\"wpcf7-form-control wpcf7-email wpcf7-validates-as-required wpcf7-text wpcf7-validates-as-email\" autocomplete=\"email\" aria-required=\"true\" aria-invalid=\"false\" value=\"\" type=\"email\" name=\"your-email\" \/><\/span> <\/label>\n<\/p>\n<p><label> Naslov<br \/>\n<span class=\"wpcf7-form-control-wrap\" data-name=\"your-subject\"><input size=\"40\" maxlength=\"400\" class=\"wpcf7-form-control wpcf7-text wpcf7-validates-as-required\" aria-required=\"true\" aria-invalid=\"false\" value=\"\" type=\"text\" name=\"your-subject\" \/><\/span> <\/label>\n<\/p>\n<p><label> Poruka<br \/>\n<span class=\"wpcf7-form-control-wrap\" data-name=\"your-message\"><textarea cols=\"40\" rows=\"10\" maxlength=\"2000\" class=\"wpcf7-form-control wpcf7-textarea wpcf7-validates-as-required\" aria-required=\"true\" aria-invalid=\"false\" name=\"your-message\"><\/textarea><\/span> <\/label>\n<\/p>\n<p><input class=\"wpcf7-form-control wpcf7-submit has-spinner\" type=\"submit\" value=\"Po\u0161alji\" \/>\n<\/p><p style=\"display: none !important;\" class=\"akismet-fields-container\" data-prefix=\"_wpcf7_ak_\"><label>&#916;<textarea name=\"_wpcf7_ak_hp_textarea\" cols=\"45\" rows=\"8\" maxlength=\"100\"><\/textarea><\/label><input type=\"hidden\" id=\"ak_js_1\" name=\"_wpcf7_ak_js\" value=\"108\"\/><script>document.getElementById( \"ak_js_1\" ).setAttribute( \"value\", ( new Date() ).getTime() );<\/script><\/p><div class=\"wpcf7-response-output\" aria-hidden=\"true\"><\/div>\n<\/form>\n<\/div>\n\t\t\t\t\t\t\t\t<\/div>\n\t\t\t\t<\/div>\n\t\t\t\t\t<\/div>\n\t\t<\/div>\n\t\t\t\t\t<\/div>\n\t\t<\/section>\n\t\t\t\t<section class=\"elementor-section elementor-top-section elementor-element elementor-element-3c37022 elementor-section-full_width elementor-section-stretched elementor-section-height-default elementor-section-height-default\" data-id=\"3c37022\" data-element_type=\"section\" data-settings=\"{&quot;stretch_section&quot;:&quot;section-stretched&quot;}\">\n\t\t\t\t\t\t<div class=\"elementor-container elementor-column-gap-no\">\n\t\t\t\t\t<div class=\"elementor-column elementor-col-100 elementor-top-column elementor-element elementor-element-c5b08cf\" data-id=\"c5b08cf\" data-element_type=\"column\">\n\t\t\t<div class=\"elementor-widget-wrap elementor-element-populated\">\n\t\t\t\t\t\t<div class=\"elementor-element elementor-element-811ecf3 elementor-widget elementor-widget-google_maps\" data-id=\"811ecf3\" data-element_type=\"widget\" data-widget_type=\"google_maps.default\">\n\t\t\t\t<div class=\"elementor-widget-container\">\n\t\t\t\t\t\t\t<div class=\"elementor-custom-embed\">\n\t\t\t<iframe loading=\"lazy\"\n\t\t\t\t\tsrc=\"https:\/\/maps.google.com\/maps?q=V93W%2BJGR%2C%20Vilsonovo%20%C5%A1etali%C5%A1te%2C%20Sarajevo%2071000&#038;t=m&#038;z=13&#038;output=embed&#038;iwloc=near\"\n\t\t\t\t\ttitle=\"V93W+JGR, Vilsonovo \u0161etali\u0161te, Sarajevo 71000\"\n\t\t\t\t\taria-label=\"V93W+JGR, Vilsonovo \u0161etali\u0161te, Sarajevo 71000\"\n\t\t\t><\/iframe>\n\t\t<\/div>\n\t\t\t\t\t\t<\/div>\n\t\t\t\t<\/div>\n\t\t\t\t\t<\/div>\n\t\t<\/div>\n\t\t\t\t\t<\/div>\n\t\t<\/section>\n\t\t\t\t<\/div>\n\t\t","protected":false},"excerpt":{"rendered":"<p>Kontaktirajte nas<\/p>\n","protected":false},"author":1,"featured_media":4204,"parent":0,"menu_order":0,"comment_status":"closed","ping_status":"closed","template":"","meta":{"footnotes":""},"class_list":["post-2358","page","type-page","status-publish","has-post-thumbnail","hentry"],"yoast_head":"<!-- This site is optimized with the Yoast SEO plugin v27.1.1 - https:\/\/yoast.com\/product\/yoast-seo-wordpress\/ -->\n<title>Kontakt - CRP<\/title>\n<meta name=\"description\" content=\"Za sve informacije, pitanja ili sugestije, slobodno nas kontaktirajte. Na\u0161 tim je uvek spreman da vam pomogne i pru\u017ei odgovore na sve va\u0161e nedoumice. Mo\u017eete nas kontaktirati putem slede\u0107ih kanala:\" \/>\n<meta name=\"robots\" content=\"index, follow, max-snippet:-1, max-image-preview:large, max-video-preview:-1\" \/>\n<link rel=\"canonical\" href=\"https:\/\/crp.ba\/index.php\/kontakt\/\" \/>\n<meta property=\"og:locale\" content=\"bs_BA\" \/>\n<meta property=\"og:type\" content=\"article\" \/>\n<meta property=\"og:title\" content=\"Kontakt - CRP\" \/>\n<meta property=\"og:description\" content=\"Za sve informacije, pitanja ili sugestije, slobodno nas kontaktirajte. Na\u0161 tim je uvek spreman da vam pomogne i pru\u017ei odgovore na sve va\u0161e nedoumice. Mo\u017eete nas kontaktirati putem slede\u0107ih kanala:\" \/>\n<meta property=\"og:url\" content=\"https:\/\/crp.ba\/index.php\/kontakt\/\" \/>\n<meta property=\"og:site_name\" content=\"CRP\" \/>\n<meta property=\"article:modified_time\" content=\"2025-04-03T09:16:32+00:00\" \/>\n<meta property=\"og:image\" content=\"https:\/\/crp.ba\/wp-content\/uploads\/2025\/04\/inkubator.jpg\" \/>\n\t<meta property=\"og:image:width\" content=\"768\" \/>\n\t<meta property=\"og:image:height\" content=\"1023\" \/>\n\t<meta property=\"og:image:type\" content=\"image\/jpeg\" \/>\n<meta name=\"twitter:card\" content=\"summary_large_image\" \/>\n<meta name=\"twitter:label1\" content=\"Est. reading time\" \/>\n\t<meta name=\"twitter:data1\" content=\"1 minuta\" \/>\n<script type=\"application\/ld+json\" class=\"yoast-schema-graph\">{\"@context\":\"https:\/\/schema.org\",\"@graph\":[{\"@type\":\"WebPage\",\"@id\":\"https:\/\/crp.ba\/index.php\/kontakt\/\",\"url\":\"https:\/\/crp.ba\/index.php\/kontakt\/\",\"name\":\"Kontakt - CRP\",\"isPartOf\":{\"@id\":\"https:\/\/crp.ba\/#website\"},\"primaryImageOfPage\":{\"@id\":\"https:\/\/crp.ba\/index.php\/kontakt\/#primaryimage\"},\"image\":{\"@id\":\"https:\/\/crp.ba\/index.php\/kontakt\/#primaryimage\"},\"thumbnailUrl\":\"https:\/\/crp.ba\/wp-content\/uploads\/2025\/04\/inkubator.jpg\",\"datePublished\":\"2023-02-17T19:06:51+00:00\",\"dateModified\":\"2025-04-03T09:16:32+00:00\",\"description\":\"Za sve informacije, pitanja ili sugestije, slobodno nas kontaktirajte. Na\u0161 tim je uvek spreman da vam pomogne i pru\u017ei odgovore na sve va\u0161e nedoumice. Mo\u017eete nas kontaktirati putem slede\u0107ih kanala:\",\"breadcrumb\":{\"@id\":\"https:\/\/crp.ba\/index.php\/kontakt\/#breadcrumb\"},\"inLanguage\":\"bs-BA\",\"potentialAction\":[{\"@type\":\"ReadAction\",\"target\":[\"https:\/\/crp.ba\/index.php\/kontakt\/\"]}]},{\"@type\":\"ImageObject\",\"inLanguage\":\"bs-BA\",\"@id\":\"https:\/\/crp.ba\/index.php\/kontakt\/#primaryimage\",\"url\":\"https:\/\/crp.ba\/wp-content\/uploads\/2025\/04\/inkubator.jpg\",\"contentUrl\":\"https:\/\/crp.ba\/wp-content\/uploads\/2025\/04\/inkubator.jpg\",\"width\":768,\"height\":1023},{\"@type\":\"BreadcrumbList\",\"@id\":\"https:\/\/crp.ba\/index.php\/kontakt\/#breadcrumb\",\"itemListElement\":[{\"@type\":\"ListItem\",\"position\":1,\"name\":\"Home\",\"item\":\"https:\/\/crp.ba\/\"},{\"@type\":\"ListItem\",\"position\":2,\"name\":\"Kontakt\"}]},{\"@type\":\"WebSite\",\"@id\":\"https:\/\/crp.ba\/#website\",\"url\":\"https:\/\/crp.ba\/\",\"name\":\"CRP\",\"description\":\"Centar za razvoj poduzetni\u0161tva\",\"potentialAction\":[{\"@type\":\"SearchAction\",\"target\":{\"@type\":\"EntryPoint\",\"urlTemplate\":\"https:\/\/crp.ba\/?s={search_term_string}\"},\"query-input\":{\"@type\":\"PropertyValueSpecification\",\"valueRequired\":true,\"valueName\":\"search_term_string\"}}],\"inLanguage\":\"bs-BA\"}]}<\/script>\n<!-- \/ Yoast SEO plugin. -->","yoast_head_json":{"title":"Kontakt - CRP","description":"Za sve informacije, pitanja ili sugestije, slobodno nas kontaktirajte. Na\u0161 tim je uvek spreman da vam pomogne i pru\u017ei odgovore na sve va\u0161e nedoumice. Mo\u017eete nas kontaktirati putem slede\u0107ih kanala:","robots":{"index":"index","follow":"follow","max-snippet":"max-snippet:-1","max-image-preview":"max-image-preview:large","max-video-preview":"max-video-preview:-1"},"canonical":"https:\/\/crp.ba\/index.php\/kontakt\/","og_locale":"bs_BA","og_type":"article","og_title":"Kontakt - CRP","og_description":"Za sve informacije, pitanja ili sugestije, slobodno nas kontaktirajte. Na\u0161 tim je uvek spreman da vam pomogne i pru\u017ei odgovore na sve va\u0161e nedoumice. Mo\u017eete nas kontaktirati putem slede\u0107ih kanala:","og_url":"https:\/\/crp.ba\/index.php\/kontakt\/","og_site_name":"CRP","article_modified_time":"2025-04-03T09:16:32+00:00","og_image":[{"width":768,"height":1023,"url":"https:\/\/crp.ba\/wp-content\/uploads\/2025\/04\/inkubator.jpg","type":"image\/jpeg"}],"twitter_card":"summary_large_image","twitter_misc":{"Est. reading time":"1 minuta"},"schema":{"@context":"https:\/\/schema.org","@graph":[{"@type":"WebPage","@id":"https:\/\/crp.ba\/index.php\/kontakt\/","url":"https:\/\/crp.ba\/index.php\/kontakt\/","name":"Kontakt - CRP","isPartOf":{"@id":"https:\/\/crp.ba\/#website"},"primaryImageOfPage":{"@id":"https:\/\/crp.ba\/index.php\/kontakt\/#primaryimage"},"image":{"@id":"https:\/\/crp.ba\/index.php\/kontakt\/#primaryimage"},"thumbnailUrl":"https:\/\/crp.ba\/wp-content\/uploads\/2025\/04\/inkubator.jpg","datePublished":"2023-02-17T19:06:51+00:00","dateModified":"2025-04-03T09:16:32+00:00","description":"Za sve informacije, pitanja ili sugestije, slobodno nas kontaktirajte. Na\u0161 tim je uvek spreman da vam pomogne i pru\u017ei odgovore na sve va\u0161e nedoumice. Mo\u017eete nas kontaktirati putem slede\u0107ih kanala:","breadcrumb":{"@id":"https:\/\/crp.ba\/index.php\/kontakt\/#breadcrumb"},"inLanguage":"bs-BA","potentialAction":[{"@type":"ReadAction","target":["https:\/\/crp.ba\/index.php\/kontakt\/"]}]},{"@type":"ImageObject","inLanguage":"bs-BA","@id":"https:\/\/crp.ba\/index.php\/kontakt\/#primaryimage","url":"https:\/\/crp.ba\/wp-content\/uploads\/2025\/04\/inkubator.jpg","contentUrl":"https:\/\/crp.ba\/wp-content\/uploads\/2025\/04\/inkubator.jpg","width":768,"height":1023},{"@type":"BreadcrumbList","@id":"https:\/\/crp.ba\/index.php\/kontakt\/#breadcrumb","itemListElement":[{"@type":"ListItem","position":1,"name":"Home","item":"https:\/\/crp.ba\/"},{"@type":"ListItem","position":2,"name":"Kontakt"}]},{"@type":"WebSite","@id":"https:\/\/crp.ba\/#website","url":"https:\/\/crp.ba\/","name":"CRP","description":"Centar za razvoj poduzetni\u0161tva","potentialAction":[{"@type":"SearchAction","target":{"@type":"EntryPoint","urlTemplate":"https:\/\/crp.ba\/?s={search_term_string}"},"query-input":{"@type":"PropertyValueSpecification","valueRequired":true,"valueName":"search_term_string"}}],"inLanguage":"bs-BA"}]}},"_links":{"self":[{"href":"https:\/\/crp.ba\/index.php\/wp-json\/wp\/v2\/pages\/2358","targetHints":{"allow":["GET"]}}],"collection":[{"href":"https:\/\/crp.ba\/index.php\/wp-json\/wp\/v2\/pages"}],"about":[{"href":"https:\/\/crp.ba\/index.php\/wp-json\/wp\/v2\/types\/page"}],"author":[{"embeddable":true,"href":"https:\/\/crp.ba\/index.php\/wp-json\/wp\/v2\/users\/1"}],"replies":[{"embeddable":true,"href":"https:\/\/crp.ba\/index.php\/wp-json\/wp\/v2\/comments?post=2358"}],"version-history":[{"count":32,"href":"https:\/\/crp.ba\/index.php\/wp-json\/wp\/v2\/pages\/2358\/revisions"}],"predecessor-version":[{"id":3996,"href":"https:\/\/crp.ba\/index.php\/wp-json\/wp\/v2\/pages\/2358\/revisions\/3996"}],"wp:featuredmedia":[{"embeddable":true,"href":"https:\/\/crp.ba\/index.php\/wp-json\/wp\/v2\/media\/4204"}],"wp:attachment":[{"href":"https:\/\/crp.ba\/index.php\/wp-json\/wp\/v2\/media?parent=2358"}],"curies":[{"name":"wp","href":"https:\/\/api.w.org\/{rel}","templated":true}]}}