{"id":3539,"date":"2025-01-13T22:30:50","date_gmt":"2025-01-13T22:30:50","guid":{"rendered":"https:\/\/crp.ba\/?page_id=3539"},"modified":"2025-07-03T06:07:24","modified_gmt":"2025-07-03T06:07:24","slug":"program-inkubacije","status":"publish","type":"page","link":"https:\/\/crp.ba\/index.php\/program-inkubacije\/","title":{"rendered":"Program inkubacije"},"content":{"rendered":"\t\t<div data-elementor-type=\"wp-page\" data-elementor-id=\"3539\" class=\"elementor elementor-3539\" data-elementor-post-type=\"page\">\n\t\t\t\t<div class=\"elementor-element elementor-element-7fced75 e-flex e-con-boxed e-con e-parent\" data-id=\"7fced75\" data-element_type=\"container\">\n\t\t\t\t\t<div class=\"e-con-inner\">\n\t\t\t\t<div class=\"elementor-element elementor-element-c441019 elementor-widget elementor-widget-image\" data-id=\"c441019\" data-element_type=\"widget\" data-widget_type=\"image.default\">\n\t\t\t\t<div class=\"elementor-widget-container\">\n\t\t\t\t\t\t\t\t\t\t\t\t\t\t\t<img fetchpriority=\"high\" decoding=\"async\" width=\"690\" height=\"392\" src=\"https:\/\/crp.ba\/wp-content\/uploads\/2025\/03\/inkubator.png\" class=\"attachment-1536x1536 size-1536x1536 wp-image-4114\" alt=\"\" srcset=\"https:\/\/crp.ba\/wp-content\/uploads\/2025\/03\/inkubator.png 690w, https:\/\/crp.ba\/wp-content\/uploads\/2025\/03\/inkubator-300x170.png 300w\" sizes=\"(max-width: 690px) 100vw, 690px\" \/>\t\t\t\t\t\t\t\t\t\t\t\t\t\t\t<\/div>\n\t\t\t\t<\/div>\n\t\t\t\t\t<\/div>\n\t\t\t\t<\/div>\n\t\t<div class=\"elementor-element elementor-element-517e356 e-flex e-con-boxed e-con e-parent\" data-id=\"517e356\" data-element_type=\"container\">\n\t\t\t\t\t<div class=\"e-con-inner\">\n\t\t\t\t<div class=\"elementor-element elementor-element-e18fa77 elementor-widget elementor-widget-text-editor\" data-id=\"e18fa77\" data-element_type=\"widget\" data-widget_type=\"text-editor.default\">\n\t\t\t\t<div class=\"elementor-widget-container\">\n\t\t\t\t\t\t\t\t\t<p>Inkubatorski program je koncept koji obuhvata \u0161iroku paletu podr\u0161ke startap, scaleup timovima i malim biznisima u vidu aktivnosti koje su dizajnirane tako da podr\u017ee za\u010detak i rast startapa, scaleupa i malih biznisa kroz u\u010denje o poslovnim procesima i mogu\u0107nostima.<\/p><p>Primarna uloga i cilj inkubatorskih programa je da kroz set usluga podsti\u010du kreiranje uspje\u0161nih startup-a, scaleupa i malih biznisa sa te\u017enjom da isti pri napu\u0161tanju inkubatora budu finansijski likvidni i samoodr\u017eivi.<\/p><p>U procesu inkubacije startapi oblikuju svoje ideje i procese, razvijaju tim i u odre\u0111enoj mjeri umanjuju rizik od neuspjeha svog preduzetni\u010dkog poduhvata.\u00a0<\/p><p>Na\u0161 inkubator nudi office prostor, opremu i mentorstvo kako bi pomogli startupima, scaleupima i malim biznisima da razviju i unaprijede svoje proizvode ili usluge. Inkubator tako\u0111er pru\u017ea pristup doga\u0111ajima umre\u017eavanju i pitch takmi\u010denjima, na taj na\u010din daju\u0107i poduzetnicima vrijedne prilike da steknu izlo\u017eenost i potencijal finansiranja njihovih poslova.<\/p><p>Ministarstvo privrede KS raspisuje <a href=\"https:\/\/mp.ks.gov.ba\/aktuelno\/konkursi\/javni-poziv-za-dostavljanje-prijave-u-svrhu-dodjele-finansijskog-poticaja-sa\"><strong data-start=\"75\" data-end=\"90\">javni poziv<\/strong><\/a> za prijavu potencijalnih korisnika Programa inkubacije. Svi preduzetnici koji ispunjavaju uslove mogu aplicirati sa biznis planovima, s posebnim fokusom na tech biznise.<\/p><p data-start=\"270\" data-end=\"294\">Kako izgleda proces?<\/p><ol data-start=\"296\" data-end=\"1208\"><li data-start=\"296\" data-end=\"396\"><p data-start=\"299\" data-end=\"396\">Prijava: Startupi i mali biznisi podnose svoje biznis planove prema uslovima javnog poziva.<\/p><\/li><li data-start=\"398\" data-end=\"521\"><p data-start=\"401\" data-end=\"521\">Selekcija: Stru\u010dna komisija odabire 22 najbolje poslovne ideja koje imaju najve\u0107i potencijal za rast i razvoj.<\/p><\/li><li data-start=\"523\" data-end=\"769\"><p data-start=\"526\" data-end=\"769\">Pitching: Nakon selekcije, slijedi faza pitching-a (prezentacija poslovnih ideja pred komisijom), nakon \u010dega se donosi kona\u010dna odluka o tome koji preduzetnici \u0107e dobiti grant te infrastrukturnu, edukacijsku i mentorsku podr\u0161ku.<\/p><\/li><li data-start=\"771\" data-end=\"944\"><p data-start=\"774\" data-end=\"944\">Registracija i ugovor: Poslije odobrenja, slijedi registracija biznisa i potpisivanje ugovora izme\u0111u korisnika Programa inkubacije i Ministarstva privrede KS.<\/p><\/li><li data-start=\"946\" data-end=\"1208\"><p data-start=\"949\" data-end=\"1208\">Ulazak u inkubator: Po potpisivanju ugovora, korisnici ulaze u inkubator, gdje \u0107e tokom narednih 365 dana u\u017eivati u svim benefitima koje pru\u017ea inkubacija, uklju\u010duju\u0107i pristup radnom prostoru, mentorima, savjetima i umre\u017eavanju s investitorima.<\/p><\/li><\/ol><p data-start=\"1210\" data-end=\"1412\" data-is-last-node=\"\">Cilj Programa je da startupima i tech preduzetnicima omogu\u0107i br\u017ei rast i razvoj, kroz pru\u017eanje potrebne podr\u0161ke i resursa koji \u0107e im pomo\u0107i da postanu samoodr\u017eivi i finansijski stabilni.<\/p>\t\t\t\t\t\t\t\t<\/div>\n\t\t\t\t<\/div>\n\t\t\t\t\t<\/div>\n\t\t\t\t<\/div>\n\t\t\t\t<\/div>\n\t\t","protected":false},"excerpt":{"rendered":"<p>Inkubatorski program je koncept koji obuhvata \u0161iroku paletu podr\u0161ke startap, scaleup timovima i malim biznisima u vidu aktivnosti koje su dizajnirane tako da podr\u017ee za\u010detak i rast startapa, scaleupa i malih biznisa kroz u\u010denje o poslovnim procesima i mogu\u0107nostima. Primarna uloga i cilj inkubatorskih programa je da kroz set usluga podsti\u010du kreiranje uspje\u0161nih startup-a, scaleupa [&hellip;]<\/p>\n","protected":false},"author":1,"featured_media":0,"parent":0,"menu_order":0,"comment_status":"closed","ping_status":"closed","template":"","meta":{"footnotes":""},"class_list":["post-3539","page","type-page","status-publish","hentry"],"yoast_head":"<!-- This site is optimized with the Yoast SEO plugin v27.1.1 - https:\/\/yoast.com\/product\/yoast-seo-wordpress\/ -->\n<title>Program inkubacije - CRP<\/title>\n<meta name=\"description\" content=\"Inkubatorski program je koncept koji obuhvata \u0161iroku paletu podr\u0161ke startap, scaleup timovima i malim biznisima u vidu aktivnosti koje su dizajnirane tako da podr\u017ee za\u010detak i rast startapa, scaleupa i malih biznisa kroz u\u010denje o poslovnim procesima i mogu\u0107nostima.\" \/>\n<meta name=\"robots\" content=\"index, follow, max-snippet:-1, max-image-preview:large, max-video-preview:-1\" \/>\n<link rel=\"canonical\" href=\"https:\/\/crp.ba\/index.php\/program-inkubacije\/\" \/>\n<meta property=\"og:locale\" content=\"bs_BA\" \/>\n<meta property=\"og:type\" content=\"article\" \/>\n<meta property=\"og:title\" content=\"Program inkubacije - CRP\" \/>\n<meta property=\"og:description\" content=\"Inkubatorski program je koncept koji obuhvata \u0161iroku paletu podr\u0161ke startap, scaleup timovima i malim biznisima u vidu aktivnosti koje su dizajnirane tako da podr\u017ee za\u010detak i rast startapa, scaleupa i malih biznisa kroz u\u010denje o poslovnim procesima i mogu\u0107nostima.\" \/>\n<meta property=\"og:url\" content=\"https:\/\/crp.ba\/index.php\/program-inkubacije\/\" \/>\n<meta property=\"og:site_name\" content=\"CRP\" \/>\n<meta property=\"article:modified_time\" content=\"2025-07-03T06:07:24+00:00\" \/>\n<meta property=\"og:image\" content=\"https:\/\/crp.ba\/wp-content\/uploads\/2025\/03\/inkubator.png\" \/>\n<meta name=\"twitter:card\" content=\"summary_large_image\" \/>\n<meta name=\"twitter:label1\" content=\"Est. reading time\" \/>\n\t<meta name=\"twitter:data1\" content=\"2 minute\" \/>\n<script type=\"application\/ld+json\" class=\"yoast-schema-graph\">{\"@context\":\"https:\/\/schema.org\",\"@graph\":[{\"@type\":\"WebPage\",\"@id\":\"https:\/\/crp.ba\/index.php\/program-inkubacije\/\",\"url\":\"https:\/\/crp.ba\/index.php\/program-inkubacije\/\",\"name\":\"Program inkubacije - CRP\",\"isPartOf\":{\"@id\":\"https:\/\/crp.ba\/#website\"},\"primaryImageOfPage\":{\"@id\":\"https:\/\/crp.ba\/index.php\/program-inkubacije\/#primaryimage\"},\"image\":{\"@id\":\"https:\/\/crp.ba\/index.php\/program-inkubacije\/#primaryimage\"},\"thumbnailUrl\":\"https:\/\/crp.ba\/wp-content\/uploads\/2025\/03\/inkubator.png\",\"datePublished\":\"2025-01-13T22:30:50+00:00\",\"dateModified\":\"2025-07-03T06:07:24+00:00\",\"description\":\"Inkubatorski program je koncept koji obuhvata \u0161iroku paletu podr\u0161ke startap, scaleup timovima i malim biznisima u vidu aktivnosti koje su dizajnirane tako da podr\u017ee za\u010detak i rast startapa, scaleupa i malih biznisa kroz u\u010denje o poslovnim procesima i mogu\u0107nostima.\",\"breadcrumb\":{\"@id\":\"https:\/\/crp.ba\/index.php\/program-inkubacije\/#breadcrumb\"},\"inLanguage\":\"bs-BA\",\"potentialAction\":[{\"@type\":\"ReadAction\",\"target\":[\"https:\/\/crp.ba\/index.php\/program-inkubacije\/\"]}]},{\"@type\":\"ImageObject\",\"inLanguage\":\"bs-BA\",\"@id\":\"https:\/\/crp.ba\/index.php\/program-inkubacije\/#primaryimage\",\"url\":\"https:\/\/crp.ba\/wp-content\/uploads\/2025\/03\/inkubator.png\",\"contentUrl\":\"https:\/\/crp.ba\/wp-content\/uploads\/2025\/03\/inkubator.png\",\"width\":690,\"height\":392},{\"@type\":\"BreadcrumbList\",\"@id\":\"https:\/\/crp.ba\/index.php\/program-inkubacije\/#breadcrumb\",\"itemListElement\":[{\"@type\":\"ListItem\",\"position\":1,\"name\":\"Home\",\"item\":\"https:\/\/crp.ba\/\"},{\"@type\":\"ListItem\",\"position\":2,\"name\":\"Program inkubacije\"}]},{\"@type\":\"WebSite\",\"@id\":\"https:\/\/crp.ba\/#website\",\"url\":\"https:\/\/crp.ba\/\",\"name\":\"CRP\",\"description\":\"Centar za razvoj poduzetni\u0161tva\",\"potentialAction\":[{\"@type\":\"SearchAction\",\"target\":{\"@type\":\"EntryPoint\",\"urlTemplate\":\"https:\/\/crp.ba\/?s={search_term_string}\"},\"query-input\":{\"@type\":\"PropertyValueSpecification\",\"valueRequired\":true,\"valueName\":\"search_term_string\"}}],\"inLanguage\":\"bs-BA\"}]}<\/script>\n<!-- \/ Yoast SEO plugin. -->","yoast_head_json":{"title":"Program inkubacije - CRP","description":"Inkubatorski program je koncept koji obuhvata \u0161iroku paletu podr\u0161ke startap, scaleup timovima i malim biznisima u vidu aktivnosti koje su dizajnirane tako da podr\u017ee za\u010detak i rast startapa, scaleupa i malih biznisa kroz u\u010denje o poslovnim procesima i mogu\u0107nostima.","robots":{"index":"index","follow":"follow","max-snippet":"max-snippet:-1","max-image-preview":"max-image-preview:large","max-video-preview":"max-video-preview:-1"},"canonical":"https:\/\/crp.ba\/index.php\/program-inkubacije\/","og_locale":"bs_BA","og_type":"article","og_title":"Program inkubacije - CRP","og_description":"Inkubatorski program je koncept koji obuhvata \u0161iroku paletu podr\u0161ke startap, scaleup timovima i malim biznisima u vidu aktivnosti koje su dizajnirane tako da podr\u017ee za\u010detak i rast startapa, scaleupa i malih biznisa kroz u\u010denje o poslovnim procesima i mogu\u0107nostima.","og_url":"https:\/\/crp.ba\/index.php\/program-inkubacije\/","og_site_name":"CRP","article_modified_time":"2025-07-03T06:07:24+00:00","og_image":[{"url":"https:\/\/crp.ba\/wp-content\/uploads\/2025\/03\/inkubator.png","type":"","width":"","height":""}],"twitter_card":"summary_large_image","twitter_misc":{"Est. reading time":"2 minute"},"schema":{"@context":"https:\/\/schema.org","@graph":[{"@type":"WebPage","@id":"https:\/\/crp.ba\/index.php\/program-inkubacije\/","url":"https:\/\/crp.ba\/index.php\/program-inkubacije\/","name":"Program inkubacije - CRP","isPartOf":{"@id":"https:\/\/crp.ba\/#website"},"primaryImageOfPage":{"@id":"https:\/\/crp.ba\/index.php\/program-inkubacije\/#primaryimage"},"image":{"@id":"https:\/\/crp.ba\/index.php\/program-inkubacije\/#primaryimage"},"thumbnailUrl":"https:\/\/crp.ba\/wp-content\/uploads\/2025\/03\/inkubator.png","datePublished":"2025-01-13T22:30:50+00:00","dateModified":"2025-07-03T06:07:24+00:00","description":"Inkubatorski program je koncept koji obuhvata \u0161iroku paletu podr\u0161ke startap, scaleup timovima i malim biznisima u vidu aktivnosti koje su dizajnirane tako da podr\u017ee za\u010detak i rast startapa, scaleupa i malih biznisa kroz u\u010denje o poslovnim procesima i mogu\u0107nostima.","breadcrumb":{"@id":"https:\/\/crp.ba\/index.php\/program-inkubacije\/#breadcrumb"},"inLanguage":"bs-BA","potentialAction":[{"@type":"ReadAction","target":["https:\/\/crp.ba\/index.php\/program-inkubacije\/"]}]},{"@type":"ImageObject","inLanguage":"bs-BA","@id":"https:\/\/crp.ba\/index.php\/program-inkubacije\/#primaryimage","url":"https:\/\/crp.ba\/wp-content\/uploads\/2025\/03\/inkubator.png","contentUrl":"https:\/\/crp.ba\/wp-content\/uploads\/2025\/03\/inkubator.png","width":690,"height":392},{"@type":"BreadcrumbList","@id":"https:\/\/crp.ba\/index.php\/program-inkubacije\/#breadcrumb","itemListElement":[{"@type":"ListItem","position":1,"name":"Home","item":"https:\/\/crp.ba\/"},{"@type":"ListItem","position":2,"name":"Program inkubacije"}]},{"@type":"WebSite","@id":"https:\/\/crp.ba\/#website","url":"https:\/\/crp.ba\/","name":"CRP","description":"Centar za razvoj poduzetni\u0161tva","potentialAction":[{"@type":"SearchAction","target":{"@type":"EntryPoint","urlTemplate":"https:\/\/crp.ba\/?s={search_term_string}"},"query-input":{"@type":"PropertyValueSpecification","valueRequired":true,"valueName":"search_term_string"}}],"inLanguage":"bs-BA"}]}},"_links":{"self":[{"href":"https:\/\/crp.ba\/index.php\/wp-json\/wp\/v2\/pages\/3539","targetHints":{"allow":["GET"]}}],"collection":[{"href":"https:\/\/crp.ba\/index.php\/wp-json\/wp\/v2\/pages"}],"about":[{"href":"https:\/\/crp.ba\/index.php\/wp-json\/wp\/v2\/types\/page"}],"author":[{"embeddable":true,"href":"https:\/\/crp.ba\/index.php\/wp-json\/wp\/v2\/users\/1"}],"replies":[{"embeddable":true,"href":"https:\/\/crp.ba\/index.php\/wp-json\/wp\/v2\/comments?post=3539"}],"version-history":[{"count":40,"href":"https:\/\/crp.ba\/index.php\/wp-json\/wp\/v2\/pages\/3539\/revisions"}],"predecessor-version":[{"id":5204,"href":"https:\/\/crp.ba\/index.php\/wp-json\/wp\/v2\/pages\/3539\/revisions\/5204"}],"wp:attachment":[{"href":"https:\/\/crp.ba\/index.php\/wp-json\/wp\/v2\/media?parent=3539"}],"curies":[{"name":"wp","href":"https:\/\/api.w.org\/{rel}","templated":true}]}}