{"id":4694,"date":"2025-04-07T15:23:15","date_gmt":"2025-04-07T15:23:15","guid":{"rendered":"https:\/\/crp.ba\/?page_id=4694"},"modified":"2025-04-09T13:26:54","modified_gmt":"2025-04-09T13:26:54","slug":"pozitivne-price","status":"publish","type":"page","link":"https:\/\/crp.ba\/index.php\/pozitivne-price\/","title":{"rendered":"Pozitivne pri\u010de"},"content":{"rendered":"\t\t<div data-elementor-type=\"wp-page\" data-elementor-id=\"4694\" class=\"elementor elementor-4694\" data-elementor-post-type=\"page\">\n\t\t\t\t<div class=\"elementor-element elementor-element-35f1f45a e-con-full e-flex e-con e-child\" data-id=\"35f1f45a\" data-element_type=\"container\">\n\t\t<div class=\"elementor-element elementor-element-7baa6df9 e-con-full e-flex e-con e-child\" data-id=\"7baa6df9\" data-element_type=\"container\">\n\t\t<div class=\"elementor-element elementor-element-12de0934 e-con-full e-flex e-con e-child\" data-id=\"12de0934\" data-element_type=\"container\">\n\t\t\t\t<div class=\"elementor-element elementor-element-2aece24 elementor-widget elementor-widget-heading\" data-id=\"2aece24\" data-element_type=\"widget\" data-widget_type=\"heading.default\">\n\t\t\t\t<div class=\"elementor-widget-container\">\n\t\t\t\t\t<h2 class=\"elementor-heading-title elementor-size-default\"><p style=\"background-color: #d6e6f8;color: #000;padding: 15px;padding-left: 25px;padding-right: 25px;border-radius: 40px;display: inline-block\">Pozitivne pri\u010de iz CRP-a<\/p><\/h2>\t\t\t\t<\/div>\n\t\t\t\t<\/div>\n\t\t\t\t<div class=\"elementor-element elementor-element-5e159c6c elementor-invisible elementor-widget elementor-widget-heading\" data-id=\"5e159c6c\" data-element_type=\"widget\" data-settings=\"{&quot;_animation&quot;:&quot;themeFadeInUp&quot;}\" data-widget_type=\"heading.default\">\n\t\t\t\t<div class=\"elementor-widget-container\">\n\t\t\t\t\t<h2 class=\"elementor-heading-title elementor-size-default\">Ostanite u toku s pozitivnim pri\u010dama \nunutar CRP-a<\/h2>\t\t\t\t<\/div>\n\t\t\t\t<\/div>\n\t\t\t\t<div class=\"elementor-element elementor-element-45501fcb elementor-widget elementor-widget-text-editor\" data-id=\"45501fcb\" data-element_type=\"widget\" data-widget_type=\"text-editor.default\">\n\t\t\t\t<div class=\"elementor-widget-container\">\n\t\t\t\t\t\t\t\t\t<blockquote data-start=\"151\" data-end=\"236\"><p class=\"\" data-start=\"153\" data-end=\"236\"><em data-start=\"153\" data-end=\"236\">Pro\u010ditajte kako male ideje donose velike promjene \u2013 kroz pri\u010de koje inspiri\u0161u.<\/em><\/p><\/blockquote>\t\t\t\t\t\t\t\t<\/div>\n\t\t\t\t<\/div>\n\t\t\t\t<\/div>\n\t\t\t\t<\/div>\n\t\t<div class=\"elementor-element elementor-element-7c211987 e-flex e-con-boxed e-con e-child\" data-id=\"7c211987\" data-element_type=\"container\">\n\t\t\t\t\t<div class=\"e-con-inner\">\n\t\t\t\t<div class=\"elementor-element elementor-element-421c215e elementor-widget elementor-widget-elementskit-blog-posts\" data-id=\"421c215e\" data-element_type=\"widget\" data-widget_type=\"elementskit-blog-posts.default\">\n\t\t\t\t<div class=\"elementor-widget-container\">\n\t\t\t\t\t<div class=\"ekit-wid-con\" >        <div id=\"post-items--421c215e\" class=\"row post-items\">\n                    <div class=\"col-lg-4 col-md-6\">\n\n                                    <div class=\"elementskit-post-image-card\">\n                        <div class=\"elementskit-entry-header\">\n                                                            <a href=\"https:\/\/crp.ba\/index.php\/pocetak-i-nastavak-predstavljanje-druge-generacije-vlasnika-startup-a\/\" class=\"elementskit-entry-thumb\">\n                                    <img decoding=\"async\" src=\"https:\/\/crp.ba\/wp-content\/uploads\/2025\/12\/Promocija-startupa-1.png\" alt=\"Po\u010detak i nastavak &#8211; predstavljanje druge generacije vlasnika startup-a\">\n                                <\/a><!-- .elementskit-entry-thumb END -->\n                                                            \n                            \n\t\t\t\t\t\t\t\t\t\t\t\t\t<\/div><!-- .elementskit-entry-header END -->\n\n\t\t\t\t\t\t<div class=\"elementskit-post-body \">\n\t\t\t\t\t\t\t\n\t\t\t\t\t\t\t\t\t\t\t\t\t\t\t\t\t\t\t\t\t\t\t\t\t\t\t\t<div class=\"post-meta-list\">\n\t\t\t\t\t\t\t\t\t\t\t\t\t\t\t\t\t\t\t\t\t\t\t\t\t\t\t\t\t\t\t\t<span class=\"meta-date\">\n\t\t\t\t\t\t\t\t\t\t\t\t\t\t\t\t\t\t\t\t<span class=\"meta-date-text\">\n\t\t\t\t\t\t\t\t\t\t\t26 Decembra, 2025\t\t\t\t\t\t\t\t\t\t<\/span>\n\t\t\t\t\t\t\t\t\t<\/span>\n\t\t\t\t\t\t\t\t\t\t\t\t\t\t\t\t\t\t\t\t\t\t\t\t\t\t\t\t\t\t\t\t\t\t\t\t\t<\/div>\n\t\t\t\t\t\t\t\t\t\t\t\t\t\n\t\t\t\t\t\t\t\t\n\t\t\t\t\t\t\t\t\t\t\t\t\t\t\t\t\t\t\t\t\t<h2 class=\"entry-title\">\n\t\t\t\t\t<a href=\"https:\/\/crp.ba\/index.php\/pocetak-i-nastavak-predstavljanje-druge-generacije-vlasnika-startup-a\/\">\n\t\t\t\t\t\tPo\u010detak i nastavak &#8211; predstavljanje druge generacije vlasnika startup-a\t\t\t\t\t<\/a>\n\t\t\t\t<\/h2>\n\t\t\t\t\t\t\t\t\t\t\t\t\t\t\t\t\t\t\t\t\t\t\t\t\t\t\t\t\t\t\t\t                                                            <div class=\"btn-wraper\">\n                                    \n                                                                            <a class=\"elementskit-btn vise-dugme whitespace--normal\" id=\"\" href=\"https:\/\/crp.ba\/index.php\/pocetak-i-nastavak-predstavljanje-druge-generacije-vlasnika-startup-a\/\">\n                                        \t                                            Vi\u0161e                                        <\/a>\n                                                                    <\/div>\n                                                    <\/div><!-- .elementskit-post-body END -->\n                    <\/div>\n                \n            <\/div>\n                    <div class=\"col-lg-4 col-md-6\">\n\n                                    <div class=\"elementskit-post-image-card\">\n                        <div class=\"elementskit-entry-header\">\n                                                            <a href=\"https:\/\/crp.ba\/index.php\/business-angel-summit-2025\/\" class=\"elementskit-entry-thumb\">\n                                    <img decoding=\"async\" src=\"https:\/\/crp.ba\/wp-content\/uploads\/2025\/10\/BAS-2.jpg\" alt=\"Business Angel Summit 2025\">\n                                <\/a><!-- .elementskit-entry-thumb END -->\n                                                            \n                            \n\t\t\t\t\t\t\t\t\t\t\t\t\t<\/div><!-- .elementskit-entry-header END -->\n\n\t\t\t\t\t\t<div class=\"elementskit-post-body \">\n\t\t\t\t\t\t\t\n\t\t\t\t\t\t\t\t\t\t\t\t\t\t\t\t\t\t\t\t\t\t\t\t\t\t\t\t<div class=\"post-meta-list\">\n\t\t\t\t\t\t\t\t\t\t\t\t\t\t\t\t\t\t\t\t\t\t\t\t\t\t\t\t\t\t\t\t<span class=\"meta-date\">\n\t\t\t\t\t\t\t\t\t\t\t\t\t\t\t\t\t\t\t\t<span class=\"meta-date-text\">\n\t\t\t\t\t\t\t\t\t\t\t17 Oktobra, 2025\t\t\t\t\t\t\t\t\t\t<\/span>\n\t\t\t\t\t\t\t\t\t<\/span>\n\t\t\t\t\t\t\t\t\t\t\t\t\t\t\t\t\t\t\t\t\t\t\t\t\t\t\t\t\t\t\t\t\t\t\t\t\t<\/div>\n\t\t\t\t\t\t\t\t\t\t\t\t\t\n\t\t\t\t\t\t\t\t\n\t\t\t\t\t\t\t\t\t\t\t\t\t\t\t\t\t\t\t\t\t<h2 class=\"entry-title\">\n\t\t\t\t\t<a href=\"https:\/\/crp.ba\/index.php\/business-angel-summit-2025\/\">\n\t\t\t\t\t\tBusiness Angel Summit 2025\t\t\t\t\t<\/a>\n\t\t\t\t<\/h2>\n\t\t\t\t\t\t\t\t\t\t\t\t\t\t\t\t\t\t\t\t\t\t\t\t\t\t\t\t\t\t\t\t                                                            <div class=\"btn-wraper\">\n                                    \n                                                                            <a class=\"elementskit-btn vise-dugme whitespace--normal\" id=\"\" href=\"https:\/\/crp.ba\/index.php\/business-angel-summit-2025\/\">\n                                        \t                                            Vi\u0161e                                        <\/a>\n                                                                    <\/div>\n                                                    <\/div><!-- .elementskit-post-body END -->\n                    <\/div>\n                \n            <\/div>\n                    <div class=\"col-lg-4 col-md-6\">\n\n                                    <div class=\"elementskit-post-image-card\">\n                        <div class=\"elementskit-entry-header\">\n                                                            <a href=\"https:\/\/crp.ba\/index.php\/javni-poziv-studijska-posjeta-fondacije-787\/\" class=\"elementskit-entry-thumb\">\n                                    <img decoding=\"async\" src=\"https:\/\/crp.ba\/wp-content\/uploads\/2025\/09\/posjeta-1024x576.jpg\" alt=\"Javni poziv: Studijska posjeta Fondacije 787\">\n                                <\/a><!-- .elementskit-entry-thumb END -->\n                                                            \n                            \n\t\t\t\t\t\t\t\t\t\t\t\t\t<\/div><!-- .elementskit-entry-header END -->\n\n\t\t\t\t\t\t<div class=\"elementskit-post-body \">\n\t\t\t\t\t\t\t\n\t\t\t\t\t\t\t\t\t\t\t\t\t\t\t\t\t\t\t\t\t\t\t\t\t\t\t\t<div class=\"post-meta-list\">\n\t\t\t\t\t\t\t\t\t\t\t\t\t\t\t\t\t\t\t\t\t\t\t\t\t\t\t\t\t\t\t\t<span class=\"meta-date\">\n\t\t\t\t\t\t\t\t\t\t\t\t\t\t\t\t\t\t\t\t<span class=\"meta-date-text\">\n\t\t\t\t\t\t\t\t\t\t\t2 Septembra, 2025\t\t\t\t\t\t\t\t\t\t<\/span>\n\t\t\t\t\t\t\t\t\t<\/span>\n\t\t\t\t\t\t\t\t\t\t\t\t\t\t\t\t\t\t\t\t\t\t\t\t\t\t\t\t\t\t\t\t\t\t\t\t\t<\/div>\n\t\t\t\t\t\t\t\t\t\t\t\t\t\n\t\t\t\t\t\t\t\t\n\t\t\t\t\t\t\t\t\t\t\t\t\t\t\t\t\t\t\t\t\t<h2 class=\"entry-title\">\n\t\t\t\t\t<a href=\"https:\/\/crp.ba\/index.php\/javni-poziv-studijska-posjeta-fondacije-787\/\">\n\t\t\t\t\t\tJavni poziv: Studijska posjeta Fondacije 787\t\t\t\t\t<\/a>\n\t\t\t\t<\/h2>\n\t\t\t\t\t\t\t\t\t\t\t\t\t\t\t\t\t\t\t\t\t\t\t\t\t\t\t\t\t\t\t\t                                                            <div class=\"btn-wraper\">\n                                    \n                                                                            <a class=\"elementskit-btn vise-dugme whitespace--normal\" id=\"\" href=\"https:\/\/crp.ba\/index.php\/javni-poziv-studijska-posjeta-fondacije-787\/\">\n                                        \t                                            Vi\u0161e                                        <\/a>\n                                                                    <\/div>\n                                                    <\/div><!-- .elementskit-post-body END -->\n                    <\/div>\n                \n            <\/div>\n                    <div class=\"col-lg-4 col-md-6\">\n\n                                    <div class=\"elementskit-post-image-card\">\n                        <div class=\"elementskit-entry-header\">\n                                                            <a href=\"https:\/\/crp.ba\/index.php\/objavljen-javni-poziv-za-vlasnike-startup-a-i-investitore-2\/\" class=\"elementskit-entry-thumb\">\n                                    <img decoding=\"async\" src=\"https:\/\/crp.ba\/wp-content\/uploads\/2025\/07\/2.Akc_.pr_-1024x1024.png\" alt=\"Objavljen javni poziv za vlasnike startup-a i investitore\">\n                                <\/a><!-- .elementskit-entry-thumb END -->\n                                                            \n                            \n\t\t\t\t\t\t\t\t\t\t\t\t\t<\/div><!-- .elementskit-entry-header END -->\n\n\t\t\t\t\t\t<div class=\"elementskit-post-body \">\n\t\t\t\t\t\t\t\n\t\t\t\t\t\t\t\t\t\t\t\t\t\t\t\t\t\t\t\t\t\t\t\t\t\t\t\t<div class=\"post-meta-list\">\n\t\t\t\t\t\t\t\t\t\t\t\t\t\t\t\t\t\t\t\t\t\t\t\t\t\t\t\t\t\t\t\t<span class=\"meta-date\">\n\t\t\t\t\t\t\t\t\t\t\t\t\t\t\t\t\t\t\t\t<span class=\"meta-date-text\">\n\t\t\t\t\t\t\t\t\t\t\t13 Augusta, 2025\t\t\t\t\t\t\t\t\t\t<\/span>\n\t\t\t\t\t\t\t\t\t<\/span>\n\t\t\t\t\t\t\t\t\t\t\t\t\t\t\t\t\t\t\t\t\t\t\t\t\t\t\t\t\t\t\t\t\t\t\t\t\t<\/div>\n\t\t\t\t\t\t\t\t\t\t\t\t\t\n\t\t\t\t\t\t\t\t\n\t\t\t\t\t\t\t\t\t\t\t\t\t\t\t\t\t\t\t\t\t<h2 class=\"entry-title\">\n\t\t\t\t\t<a href=\"https:\/\/crp.ba\/index.php\/objavljen-javni-poziv-za-vlasnike-startup-a-i-investitore-2\/\">\n\t\t\t\t\t\tObjavljen javni poziv za vlasnike startup-a i investitore\t\t\t\t\t<\/a>\n\t\t\t\t<\/h2>\n\t\t\t\t\t\t\t\t\t\t\t\t\t\t\t\t\t\t\t\t\t\t\t\t\t\t\t\t\t\t\t\t                                                            <div class=\"btn-wraper\">\n                                    \n                                                                            <a class=\"elementskit-btn vise-dugme whitespace--normal\" id=\"\" href=\"https:\/\/crp.ba\/index.php\/objavljen-javni-poziv-za-vlasnike-startup-a-i-investitore-2\/\">\n                                        \t                                            Vi\u0161e                                        <\/a>\n                                                                    <\/div>\n                                                    <\/div><!-- .elementskit-post-body END -->\n                    <\/div>\n                \n            <\/div>\n                    <div class=\"col-lg-4 col-md-6\">\n\n                                    <div class=\"elementskit-post-image-card\">\n                        <div class=\"elementskit-entry-header\">\n                                                            <a href=\"https:\/\/crp.ba\/index.php\/objavljen-javni-poziv-za-vlasnike-startup-a-i-investitore\/\" class=\"elementskit-entry-thumb\">\n                                    <img decoding=\"async\" src=\"https:\/\/crp.ba\/wp-content\/uploads\/2025\/07\/2.Akc_.pr_-1024x1024.png\" alt=\"Objavljen javni poziv za vlasnike startup-a i investitore\">\n                                <\/a><!-- .elementskit-entry-thumb END -->\n                                                            \n                            \n\t\t\t\t\t\t\t\t\t\t\t\t\t<\/div><!-- .elementskit-entry-header END -->\n\n\t\t\t\t\t\t<div class=\"elementskit-post-body \">\n\t\t\t\t\t\t\t\n\t\t\t\t\t\t\t\t\t\t\t\t\t\t\t\t\t\t\t\t\t\t\t\t\t\t\t\t<div class=\"post-meta-list\">\n\t\t\t\t\t\t\t\t\t\t\t\t\t\t\t\t\t\t\t\t\t\t\t\t\t\t\t\t\t\t\t\t<span class=\"meta-date\">\n\t\t\t\t\t\t\t\t\t\t\t\t\t\t\t\t\t\t\t\t<span class=\"meta-date-text\">\n\t\t\t\t\t\t\t\t\t\t\t11 Jula, 2025\t\t\t\t\t\t\t\t\t\t<\/span>\n\t\t\t\t\t\t\t\t\t<\/span>\n\t\t\t\t\t\t\t\t\t\t\t\t\t\t\t\t\t\t\t\t\t\t\t\t\t\t\t\t\t\t\t\t\t\t\t\t\t<\/div>\n\t\t\t\t\t\t\t\t\t\t\t\t\t\n\t\t\t\t\t\t\t\t\n\t\t\t\t\t\t\t\t\t\t\t\t\t\t\t\t\t\t\t\t\t<h2 class=\"entry-title\">\n\t\t\t\t\t<a href=\"https:\/\/crp.ba\/index.php\/objavljen-javni-poziv-za-vlasnike-startup-a-i-investitore\/\">\n\t\t\t\t\t\tObjavljen javni poziv za vlasnike startup-a i investitore\t\t\t\t\t<\/a>\n\t\t\t\t<\/h2>\n\t\t\t\t\t\t\t\t\t\t\t\t\t\t\t\t\t\t\t\t\t\t\t\t\t\t\t\t\t\t\t\t                                                            <div class=\"btn-wraper\">\n                                    \n                                                                            <a class=\"elementskit-btn vise-dugme whitespace--normal\" id=\"\" href=\"https:\/\/crp.ba\/index.php\/objavljen-javni-poziv-za-vlasnike-startup-a-i-investitore\/\">\n                                        \t                                            Vi\u0161e                                        <\/a>\n                                                                    <\/div>\n                                                    <\/div><!-- .elementskit-post-body END -->\n                    <\/div>\n                \n            <\/div>\n                    <div class=\"col-lg-4 col-md-6\">\n\n                                    <div class=\"elementskit-post-image-card\">\n                        <div class=\"elementskit-entry-header\">\n                                                            <a href=\"https:\/\/crp.ba\/index.php\/objavljen-javni-poziv-finansijski-poticaj-sa-inkubacijom\/\" class=\"elementskit-entry-thumb\">\n                                    <img decoding=\"async\" src=\"https:\/\/crp.ba\/wp-content\/uploads\/2025\/07\/Javni-poziv-inkubacija-1024x1024.png\" alt=\"Objavljen Javni poziv: Finansijski poticaj sa inkubacijom\">\n                                <\/a><!-- .elementskit-entry-thumb END -->\n                                                            \n                            \n\t\t\t\t\t\t\t\t\t\t\t\t\t<\/div><!-- .elementskit-entry-header END -->\n\n\t\t\t\t\t\t<div class=\"elementskit-post-body \">\n\t\t\t\t\t\t\t\n\t\t\t\t\t\t\t\t\t\t\t\t\t\t\t\t\t\t\t\t\t\t\t\t\t\t\t\t<div class=\"post-meta-list\">\n\t\t\t\t\t\t\t\t\t\t\t\t\t\t\t\t\t\t\t\t\t\t\t\t\t\t\t\t\t\t\t\t<span class=\"meta-date\">\n\t\t\t\t\t\t\t\t\t\t\t\t\t\t\t\t\t\t\t\t<span class=\"meta-date-text\">\n\t\t\t\t\t\t\t\t\t\t\t3 Jula, 2025\t\t\t\t\t\t\t\t\t\t<\/span>\n\t\t\t\t\t\t\t\t\t<\/span>\n\t\t\t\t\t\t\t\t\t\t\t\t\t\t\t\t\t\t\t\t\t\t\t\t\t\t\t\t\t\t\t\t\t\t\t\t\t<\/div>\n\t\t\t\t\t\t\t\t\t\t\t\t\t\n\t\t\t\t\t\t\t\t\n\t\t\t\t\t\t\t\t\t\t\t\t\t\t\t\t\t\t\t\t\t<h2 class=\"entry-title\">\n\t\t\t\t\t<a href=\"https:\/\/crp.ba\/index.php\/objavljen-javni-poziv-finansijski-poticaj-sa-inkubacijom\/\">\n\t\t\t\t\t\tObjavljen Javni poziv: Finansijski poticaj sa inkubacijom\t\t\t\t\t<\/a>\n\t\t\t\t<\/h2>\n\t\t\t\t\t\t\t\t\t\t\t\t\t\t\t\t\t\t\t\t\t\t\t\t\t\t\t\t\t\t\t\t                                                            <div class=\"btn-wraper\">\n                                    \n                                                                            <a class=\"elementskit-btn vise-dugme whitespace--normal\" id=\"\" href=\"https:\/\/crp.ba\/index.php\/objavljen-javni-poziv-finansijski-poticaj-sa-inkubacijom\/\">\n                                        \t                                            Vi\u0161e                                        <\/a>\n                                                                    <\/div>\n                                                    <\/div><!-- .elementskit-post-body END -->\n                    <\/div>\n                \n            <\/div>\n                <\/div>\n       <\/div>\t\t\t\t<\/div>\n\t\t\t\t<\/div>\n\t\t\t\t\t<\/div>\n\t\t\t\t<\/div>\n\t\t\t\t<\/div>\n\t\t\t\t<\/div>\n\t\t","protected":false},"excerpt":{"rendered":"<p>Pozitivne pri\u010de iz CRP-a Ostanite u toku s pozitivnim pri\u010dama unutar CRP-a Pro\u010ditajte kako male ideje donose velike promjene \u2013 kroz pri\u010de koje inspiri\u0161u. 9 Aprila, 2025 Dru\u017eenje sa mladima na STARfestu Vi\u0161e 19 Marta, 2025 How to Pitch? Vi\u0161e 10 Marta, 2025 Radionica koja mijenja perspektivu poduzetnika Vi\u0161e 26 Februara, 2025 Biznis an\u0111eli iz [&hellip;]<\/p>\n","protected":false},"author":6,"featured_media":4573,"parent":0,"menu_order":0,"comment_status":"closed","ping_status":"closed","template":"elementor_theme","meta":{"footnotes":""},"class_list":["post-4694","page","type-page","status-publish","has-post-thumbnail","hentry"],"yoast_head":"<!-- This site is optimized with the Yoast SEO plugin v27.1.1 - https:\/\/yoast.com\/product\/yoast-seo-wordpress\/ -->\n<title>Pozitivne pri\u010de - CRP<\/title>\n<meta name=\"description\" content=\"Otkrijte inspirativne i pozitivne pri\u010de koje promovi\u0161u zajedni\u0161tvo, solidarnost i pozitivne promjene u zajednici. Pro\u010ditajte i podijelite poruke koje mijenjaju svijet.\" \/>\n<meta name=\"robots\" content=\"index, follow, max-snippet:-1, max-image-preview:large, max-video-preview:-1\" \/>\n<link rel=\"canonical\" href=\"https:\/\/crp.ba\/index.php\/pozitivne-price\/\" \/>\n<meta property=\"og:locale\" content=\"bs_BA\" \/>\n<meta property=\"og:type\" content=\"article\" \/>\n<meta property=\"og:title\" content=\"Pozitivne pri\u010de - CRP\" \/>\n<meta property=\"og:description\" content=\"Otkrijte inspirativne i pozitivne pri\u010de koje promovi\u0161u zajedni\u0161tvo, solidarnost i pozitivne promjene u zajednici. Pro\u010ditajte i podijelite poruke koje mijenjaju svijet.\" \/>\n<meta property=\"og:url\" content=\"https:\/\/crp.ba\/index.php\/pozitivne-price\/\" \/>\n<meta property=\"og:site_name\" content=\"CRP\" \/>\n<meta property=\"article:modified_time\" content=\"2025-04-09T13:26:54+00:00\" \/>\n<meta property=\"og:image\" content=\"https:\/\/crp.ba\/wp-content\/uploads\/2025\/04\/viber_slika_2025-03-07_11-22-20-783.jpg\" \/>\n\t<meta property=\"og:image:width\" content=\"1200\" \/>\n\t<meta property=\"og:image:height\" content=\"1600\" \/>\n\t<meta property=\"og:image:type\" content=\"image\/jpeg\" \/>\n<meta name=\"twitter:card\" content=\"summary_large_image\" \/>\n<meta name=\"twitter:label1\" content=\"Est. reading time\" \/>\n\t<meta name=\"twitter:data1\" content=\"2 minute\" \/>\n<script type=\"application\/ld+json\" class=\"yoast-schema-graph\">{\"@context\":\"https:\/\/schema.org\",\"@graph\":[{\"@type\":\"WebPage\",\"@id\":\"https:\/\/crp.ba\/index.php\/pozitivne-price\/\",\"url\":\"https:\/\/crp.ba\/index.php\/pozitivne-price\/\",\"name\":\"Pozitivne pri\u010de - CRP\",\"isPartOf\":{\"@id\":\"https:\/\/crp.ba\/#website\"},\"primaryImageOfPage\":{\"@id\":\"https:\/\/crp.ba\/index.php\/pozitivne-price\/#primaryimage\"},\"image\":{\"@id\":\"https:\/\/crp.ba\/index.php\/pozitivne-price\/#primaryimage\"},\"thumbnailUrl\":\"https:\/\/crp.ba\/wp-content\/uploads\/2025\/04\/viber_slika_2025-03-07_11-22-20-783.jpg\",\"datePublished\":\"2025-04-07T15:23:15+00:00\",\"dateModified\":\"2025-04-09T13:26:54+00:00\",\"description\":\"Otkrijte inspirativne i pozitivne pri\u010de koje promovi\u0161u zajedni\u0161tvo, solidarnost i pozitivne promjene u zajednici. Pro\u010ditajte i podijelite poruke koje mijenjaju svijet.\",\"breadcrumb\":{\"@id\":\"https:\/\/crp.ba\/index.php\/pozitivne-price\/#breadcrumb\"},\"inLanguage\":\"bs-BA\",\"potentialAction\":[{\"@type\":\"ReadAction\",\"target\":[\"https:\/\/crp.ba\/index.php\/pozitivne-price\/\"]}]},{\"@type\":\"ImageObject\",\"inLanguage\":\"bs-BA\",\"@id\":\"https:\/\/crp.ba\/index.php\/pozitivne-price\/#primaryimage\",\"url\":\"https:\/\/crp.ba\/wp-content\/uploads\/2025\/04\/viber_slika_2025-03-07_11-22-20-783.jpg\",\"contentUrl\":\"https:\/\/crp.ba\/wp-content\/uploads\/2025\/04\/viber_slika_2025-03-07_11-22-20-783.jpg\",\"width\":1200,\"height\":1600},{\"@type\":\"BreadcrumbList\",\"@id\":\"https:\/\/crp.ba\/index.php\/pozitivne-price\/#breadcrumb\",\"itemListElement\":[{\"@type\":\"ListItem\",\"position\":1,\"name\":\"Home\",\"item\":\"https:\/\/crp.ba\/\"},{\"@type\":\"ListItem\",\"position\":2,\"name\":\"Pozitivne pri\u010de\"}]},{\"@type\":\"WebSite\",\"@id\":\"https:\/\/crp.ba\/#website\",\"url\":\"https:\/\/crp.ba\/\",\"name\":\"CRP\",\"description\":\"Centar za razvoj poduzetni\u0161tva\",\"potentialAction\":[{\"@type\":\"SearchAction\",\"target\":{\"@type\":\"EntryPoint\",\"urlTemplate\":\"https:\/\/crp.ba\/?s={search_term_string}\"},\"query-input\":{\"@type\":\"PropertyValueSpecification\",\"valueRequired\":true,\"valueName\":\"search_term_string\"}}],\"inLanguage\":\"bs-BA\"}]}<\/script>\n<!-- \/ Yoast SEO plugin. -->","yoast_head_json":{"title":"Pozitivne pri\u010de - CRP","description":"Otkrijte inspirativne i pozitivne pri\u010de koje promovi\u0161u zajedni\u0161tvo, solidarnost i pozitivne promjene u zajednici. Pro\u010ditajte i podijelite poruke koje mijenjaju svijet.","robots":{"index":"index","follow":"follow","max-snippet":"max-snippet:-1","max-image-preview":"max-image-preview:large","max-video-preview":"max-video-preview:-1"},"canonical":"https:\/\/crp.ba\/index.php\/pozitivne-price\/","og_locale":"bs_BA","og_type":"article","og_title":"Pozitivne pri\u010de - CRP","og_description":"Otkrijte inspirativne i pozitivne pri\u010de koje promovi\u0161u zajedni\u0161tvo, solidarnost i pozitivne promjene u zajednici. Pro\u010ditajte i podijelite poruke koje mijenjaju svijet.","og_url":"https:\/\/crp.ba\/index.php\/pozitivne-price\/","og_site_name":"CRP","article_modified_time":"2025-04-09T13:26:54+00:00","og_image":[{"width":1200,"height":1600,"url":"https:\/\/crp.ba\/wp-content\/uploads\/2025\/04\/viber_slika_2025-03-07_11-22-20-783.jpg","type":"image\/jpeg"}],"twitter_card":"summary_large_image","twitter_misc":{"Est. reading time":"2 minute"},"schema":{"@context":"https:\/\/schema.org","@graph":[{"@type":"WebPage","@id":"https:\/\/crp.ba\/index.php\/pozitivne-price\/","url":"https:\/\/crp.ba\/index.php\/pozitivne-price\/","name":"Pozitivne pri\u010de - CRP","isPartOf":{"@id":"https:\/\/crp.ba\/#website"},"primaryImageOfPage":{"@id":"https:\/\/crp.ba\/index.php\/pozitivne-price\/#primaryimage"},"image":{"@id":"https:\/\/crp.ba\/index.php\/pozitivne-price\/#primaryimage"},"thumbnailUrl":"https:\/\/crp.ba\/wp-content\/uploads\/2025\/04\/viber_slika_2025-03-07_11-22-20-783.jpg","datePublished":"2025-04-07T15:23:15+00:00","dateModified":"2025-04-09T13:26:54+00:00","description":"Otkrijte inspirativne i pozitivne pri\u010de koje promovi\u0161u zajedni\u0161tvo, solidarnost i pozitivne promjene u zajednici. Pro\u010ditajte i podijelite poruke koje mijenjaju svijet.","breadcrumb":{"@id":"https:\/\/crp.ba\/index.php\/pozitivne-price\/#breadcrumb"},"inLanguage":"bs-BA","potentialAction":[{"@type":"ReadAction","target":["https:\/\/crp.ba\/index.php\/pozitivne-price\/"]}]},{"@type":"ImageObject","inLanguage":"bs-BA","@id":"https:\/\/crp.ba\/index.php\/pozitivne-price\/#primaryimage","url":"https:\/\/crp.ba\/wp-content\/uploads\/2025\/04\/viber_slika_2025-03-07_11-22-20-783.jpg","contentUrl":"https:\/\/crp.ba\/wp-content\/uploads\/2025\/04\/viber_slika_2025-03-07_11-22-20-783.jpg","width":1200,"height":1600},{"@type":"BreadcrumbList","@id":"https:\/\/crp.ba\/index.php\/pozitivne-price\/#breadcrumb","itemListElement":[{"@type":"ListItem","position":1,"name":"Home","item":"https:\/\/crp.ba\/"},{"@type":"ListItem","position":2,"name":"Pozitivne pri\u010de"}]},{"@type":"WebSite","@id":"https:\/\/crp.ba\/#website","url":"https:\/\/crp.ba\/","name":"CRP","description":"Centar za razvoj poduzetni\u0161tva","potentialAction":[{"@type":"SearchAction","target":{"@type":"EntryPoint","urlTemplate":"https:\/\/crp.ba\/?s={search_term_string}"},"query-input":{"@type":"PropertyValueSpecification","valueRequired":true,"valueName":"search_term_string"}}],"inLanguage":"bs-BA"}]}},"_links":{"self":[{"href":"https:\/\/crp.ba\/index.php\/wp-json\/wp\/v2\/pages\/4694","targetHints":{"allow":["GET"]}}],"collection":[{"href":"https:\/\/crp.ba\/index.php\/wp-json\/wp\/v2\/pages"}],"about":[{"href":"https:\/\/crp.ba\/index.php\/wp-json\/wp\/v2\/types\/page"}],"author":[{"embeddable":true,"href":"https:\/\/crp.ba\/index.php\/wp-json\/wp\/v2\/users\/6"}],"replies":[{"embeddable":true,"href":"https:\/\/crp.ba\/index.php\/wp-json\/wp\/v2\/comments?post=4694"}],"version-history":[{"count":16,"href":"https:\/\/crp.ba\/index.php\/wp-json\/wp\/v2\/pages\/4694\/revisions"}],"predecessor-version":[{"id":4805,"href":"https:\/\/crp.ba\/index.php\/wp-json\/wp\/v2\/pages\/4694\/revisions\/4805"}],"wp:featuredmedia":[{"embeddable":true,"href":"https:\/\/crp.ba\/index.php\/wp-json\/wp\/v2\/media\/4573"}],"wp:attachment":[{"href":"https:\/\/crp.ba\/index.php\/wp-json\/wp\/v2\/media?parent=4694"}],"curies":[{"name":"wp","href":"https:\/\/api.w.org\/{rel}","templated":true}]}}